{"id":32,"date":"2014-04-17T15:21:12","date_gmt":"2014-04-17T13:21:12","guid":{"rendered":"http:\/\/www.foto-plichta.eu\/start.php\/?page_id=32"},"modified":"2016-11-08T18:11:58","modified_gmt":"2016-11-08T16:11:58","slug":"ueber-uns","status":"publish","type":"page","link":"https:\/\/www.foto-plichta.de\/start.php\/ueber-uns\/","title":{"rendered":"\u00dcber Uns"},"content":{"rendered":"<h3 style=\"text-align: center;\">Fachbetrieb der Fotografie<\/h3>\n<div class=\"fusion-fullwidth fullwidth-box fusion-builder-row-1 hundred-percent-fullwidth non-hundred-percent-height-scrolling\" style=\"--awb-border-radius-top-left:0px;--awb-border-radius-top-right:0px;--awb-border-radius-bottom-right:0px;--awb-border-radius-bottom-left:0px;--awb-overflow:visible;\" ><div class=\"fusion-builder-row fusion-row\"><div class=\"fusion-layout-column fusion_builder_column fusion-builder-column-0 fusion_builder_column_1_1 1_1 fusion-one-full fusion-column-first fusion-column-last fusion-column-no-min-height\" style=\"--awb-bg-size:cover;--awb-margin-top:0px;--awb-margin-bottom:0px;\"><div class=\"fusion-column-wrapper fusion-flex-column-wrapper-legacy\"><div class=\"fusion-image-element fusion-image-align-center in-legacy-container\" style=\"text-align:center;--awb-bottom-shadow-color:rgba(0,0,0,0.4);\"><div class=\"imageframe-align-center\"><div class=\"awb-image-frame awb-image-frame-1 fusion-image-frame-bottomshadow image-frame-shadow-1\"><span class=\" fusion-imageframe imageframe-bottomshadow imageframe-1 element-bottomshadow hover-type-none\" style=\"border:2px solid #F6F6F6;\"><img decoding=\"async\" width=\"600\" height=\"226\" alt=\"Foto-Plichta Gesch\u00e4ft\" title=\"stadt\" src=\"https:\/\/www.foto-plichta.de\/wp-content\/uploads\/stadt.jpg\" class=\"img-responsive wp-image-4966\" srcset=\"https:\/\/www.foto-plichta.de\/wp-content\/uploads\/stadt-300x113.jpg 300w, https:\/\/www.foto-plichta.de\/wp-content\/uploads\/stadt.jpg 600w\" sizes=\"(max-width: 600px) 100vw, 600px\" \/><\/span><\/div><\/div><\/div>\n<p style=\"text-align: center;\">Alter Steinweg 3<\/p>\n<div class=\"fusion-sep-clear\"><\/div><div class=\"fusion-separator fusion-full-width-sep\" style=\"margin-left: auto;margin-right: auto;margin-top:24px;margin-bottom:24px;width:100%;\"><div class=\"fusion-separator-border sep-shadow\" style=\"background:radial-gradient(ellipse at 50% -50% , #e0dede 0px, rgba(255, 255, 255, 0) 80%) repeat scroll 0 0 rgba(0, 0, 0, 0);background:-webkit-radial-gradient(ellipse at 50% -50% , #e0dede 0px, rgba(255, 255, 255, 0) 80%) repeat scroll 0 0 rgba(0, 0, 0, 0);background:-moz-radial-gradient(ellipse at 50% -50% , #e0dede 0px, rgba(255, 255, 255, 0) 80%) repeat scroll 0 0 rgba(0, 0, 0, 0);background:-o-radial-gradient(ellipse at 50% -50% , #e0dede 0px, rgba(255, 255, 255, 0) 80%) repeat scroll 0 0 rgba(0, 0, 0, 0);\"><\/div><\/div><div class=\"fusion-sep-clear\"><\/div>\n<p style=\"text-align: center;\">Unser Fotogesch\u00e4ft wurde 1948 von Fritz Alter gegr\u00fcndet, und 1990 durch J\u00fcrgen Plichta \u00fcbernommen.<\/p>\n<p style=\"text-align: center;\">Heute sind wir ein Team aus mehreren Fotografen, und bieten so ein breites Spektrum an fotografischen Dienstleitungen. Nicht nur durch modernste Fotolabor und Aufnahmetechnik, geh\u00f6ren wir mit zu den innovativsten Foto-Studios in Deutschland.<\/p>\n<p style=\"text-align: center;\">Von erstklassiger Ausbildung, und st\u00e4ndigen Qualifizierungen profitieren unsere Kunden.<\/p>\n<p style=\"text-align: center;\"><img decoding=\"async\" class=\"alignnone size-full wp-image-4965\" src=\"https:\/\/www.foto-plichta.de\/wp-content\/uploads\/1a08.jpg\" alt=\"1a08\" width=\"150\" height=\"212\" \/><\/p>\n<p><img decoding=\"async\" class=\"alignnone size-full wp-image-51\" src=\"https:\/\/www.foto-plichta.de\/wp-content\/uploads\/placeHolder.png\" alt=\"placeHolder\" width=\"940\" height=\"400\" srcset=\"https:\/\/www.foto-plichta.de\/wp-content\/uploads\/placeHolder-300x127.png 300w, https:\/\/www.foto-plichta.de\/wp-content\/uploads\/placeHolder.png 940w\" sizes=\"(max-width: 940px) 100vw, 940px\" \/><div class=\"fusion-clearfix\"><\/div><\/div><\/div><\/div><\/div>\n","protected":false},"excerpt":{"rendered":"<p>Fachbetrieb der Fotografie<\/p>\n","protected":false},"author":1,"featured_media":0,"parent":0,"menu_order":0,"comment_status":"closed","ping_status":"open","template":"full-width.php","meta":{"footnotes":""},"class_list":["post-32","page","type-page","status-publish","hentry"],"_links":{"self":[{"href":"https:\/\/www.foto-plichta.de\/start.php\/wp-json\/wp\/v2\/pages\/32","targetHints":{"allow":["GET"]}}],"collection":[{"href":"https:\/\/www.foto-plichta.de\/start.php\/wp-json\/wp\/v2\/pages"}],"about":[{"href":"https:\/\/www.foto-plichta.de\/start.php\/wp-json\/wp\/v2\/types\/page"}],"author":[{"embeddable":true,"href":"https:\/\/www.foto-plichta.de\/start.php\/wp-json\/wp\/v2\/users\/1"}],"replies":[{"embeddable":true,"href":"https:\/\/www.foto-plichta.de\/start.php\/wp-json\/wp\/v2\/comments?post=32"}],"version-history":[{"count":3,"href":"https:\/\/www.foto-plichta.de\/start.php\/wp-json\/wp\/v2\/pages\/32\/revisions"}],"predecessor-version":[{"id":5366,"href":"https:\/\/www.foto-plichta.de\/start.php\/wp-json\/wp\/v2\/pages\/32\/revisions\/5366"}],"wp:attachment":[{"href":"https:\/\/www.foto-plichta.de\/start.php\/wp-json\/wp\/v2\/media?parent=32"}],"curies":[{"name":"wp","href":"https:\/\/api.w.org\/{rel}","templated":true}]}}